{"id":5867,"date":"2024-06-16T19:42:27","date_gmt":"2024-06-16T17:42:27","guid":{"rendered":"https:\/\/jacquestheron.fr\/?page_id=5867"},"modified":"2024-06-16T19:42:55","modified_gmt":"2024-06-16T17:42:55","slug":"figura-4-hernia-discal-cervical-buen-resultado-clinico-rm-antes-arriba-y-un-ano-despues-del-tratamiento-abajo","status":"publish","type":"page","link":"https:\/\/jacquestheron.fr\/?page_id=5867&lang=es","title":{"rendered":"Figura 4: Hernia discal cervical. Buen resultado cl\u00ednico. RM antes (arriba) y un a\u00f1o despu\u00e9s del tratamiento (abajo)"},"content":{"rendered":"\n<figure class=\"wp-block-image aligncenter size-full\"><img loading=\"lazy\" decoding=\"async\" width=\"184\" height=\"436\" src=\"https:\/\/jacquestheron.fr\/wp-content\/uploads\/2023\/08\/figure04.gif\" alt=\"\" class=\"wp-image-27\"\/><\/figure>\n\n\n\n<div class=\"wp-block-buttons is-content-justification-center is-layout-flex wp-container-core-buttons-is-layout-a89b3969 wp-block-buttons-is-layout-flex\">\n<div class=\"wp-block-button\"><a class=\"wp-block-button__link wp-element-button\" href=\"javascript:history.go(-1)\">RETOUR<\/a><\/div>\n<\/div>\n\n\n\n<div style=\"height:350px\" aria-hidden=\"true\" class=\"wp-block-spacer\"><\/div>\n","protected":false},"excerpt":{"rendered":"","protected":false},"author":1,"featured_media":0,"parent":0,"menu_order":0,"comment_status":"closed","ping_status":"closed","template":"","meta":{"inspiro_hide_title":false,"footnotes":""},"class_list":["post-5867","page","type-page","status-publish","hentry"],"_links":{"self":[{"href":"https:\/\/jacquestheron.fr\/index.php?rest_route=\/wp\/v2\/pages\/5867","targetHints":{"allow":["GET"]}}],"collection":[{"href":"https:\/\/jacquestheron.fr\/index.php?rest_route=\/wp\/v2\/pages"}],"about":[{"href":"https:\/\/jacquestheron.fr\/index.php?rest_route=\/wp\/v2\/types\/page"}],"author":[{"embeddable":true,"href":"https:\/\/jacquestheron.fr\/index.php?rest_route=\/wp\/v2\/users\/1"}],"replies":[{"embeddable":true,"href":"https:\/\/jacquestheron.fr\/index.php?rest_route=%2Fwp%2Fv2%2Fcomments&post=5867"}],"version-history":[{"count":2,"href":"https:\/\/jacquestheron.fr\/index.php?rest_route=\/wp\/v2\/pages\/5867\/revisions"}],"predecessor-version":[{"id":5869,"href":"https:\/\/jacquestheron.fr\/index.php?rest_route=\/wp\/v2\/pages\/5867\/revisions\/5869"}],"wp:attachment":[{"href":"https:\/\/jacquestheron.fr\/index.php?rest_route=%2Fwp%2Fv2%2Fmedia&parent=5867"}],"curies":[{"name":"wp","href":"https:\/\/api.w.org\/{rel}","templated":true}]}}