{"id":5842,"date":"2024-06-16T19:21:41","date_gmt":"2024-06-16T17:21:41","guid":{"rendered":"https:\/\/jacquestheron.fr\/?page_id=5842"},"modified":"2024-06-16T19:26:46","modified_gmt":"2024-06-16T17:26:46","slug":"tecnica-de-liposuccion-lumbar","status":"publish","type":"page","link":"https:\/\/jacquestheron.fr\/?page_id=5842&lang=es","title":{"rendered":"Figura 7: T\u00e9cnica de Liposucci\u00f3n LumbarT\u00e9cnica de Liposucci\u00f3n Lumbar"},"content":{"rendered":"\n<figure class=\"wp-block-image aligncenter size-full\"><img loading=\"lazy\" decoding=\"async\" width=\"236\" height=\"423\" src=\"https:\/\/jacquestheron.fr\/wp-content\/uploads\/2023\/08\/figure07.gif\" alt=\"\" class=\"wp-image-24\"\/><\/figure>\n\n\n\n<p>Arriba: antes del tratamiento, abajo: despu\u00e9s del tratamiento. Evidente expansi\u00f3n de los m\u00fasculos paraespinales que permite un mejor soporte activo de la columna vertebral<\/p>\n\n\n\n<div class=\"wp-block-buttons is-content-justification-center is-layout-flex wp-container-core-buttons-is-layout-a89b3969 wp-block-buttons-is-layout-flex\">\n<div class=\"wp-block-button\"><a class=\"wp-block-button__link wp-element-button\" href=\"javascript:history.go(-1)\">RETOUR<\/a><\/div>\n<\/div>\n\n\n\n<div style=\"height:350px\" aria-hidden=\"true\" class=\"wp-block-spacer\"><\/div>\n","protected":false},"excerpt":{"rendered":"<p>Arriba: antes del tratamiento, abajo: despu\u00e9s del tratamiento. Evidente expansi\u00f3n de los m\u00fasculos paraespinales que permite un mejor soporte activo de la columna vertebral<\/p>\n","protected":false},"author":1,"featured_media":0,"parent":0,"menu_order":0,"comment_status":"closed","ping_status":"closed","template":"","meta":{"inspiro_hide_title":false,"footnotes":""},"class_list":["post-5842","page","type-page","status-publish","hentry"],"_links":{"self":[{"href":"https:\/\/jacquestheron.fr\/index.php?rest_route=\/wp\/v2\/pages\/5842","targetHints":{"allow":["GET"]}}],"collection":[{"href":"https:\/\/jacquestheron.fr\/index.php?rest_route=\/wp\/v2\/pages"}],"about":[{"href":"https:\/\/jacquestheron.fr\/index.php?rest_route=\/wp\/v2\/types\/page"}],"author":[{"embeddable":true,"href":"https:\/\/jacquestheron.fr\/index.php?rest_route=\/wp\/v2\/users\/1"}],"replies":[{"embeddable":true,"href":"https:\/\/jacquestheron.fr\/index.php?rest_route=%2Fwp%2Fv2%2Fcomments&post=5842"}],"version-history":[{"count":3,"href":"https:\/\/jacquestheron.fr\/index.php?rest_route=\/wp\/v2\/pages\/5842\/revisions"}],"predecessor-version":[{"id":5848,"href":"https:\/\/jacquestheron.fr\/index.php?rest_route=\/wp\/v2\/pages\/5842\/revisions\/5848"}],"wp:attachment":[{"href":"https:\/\/jacquestheron.fr\/index.php?rest_route=%2Fwp%2Fv2%2Fmedia&parent=5842"}],"curies":[{"name":"wp","href":"https:\/\/api.w.org\/{rel}","templated":true}]}}