{"id":5829,"date":"2024-06-16T18:41:44","date_gmt":"2024-06-16T16:41:44","guid":{"rendered":"https:\/\/jacquestheron.fr\/?page_id=5829"},"modified":"2024-06-16T18:42:34","modified_gmt":"2024-06-16T16:42:34","slug":"figura-9-tubos-de-productos-naturales-potencialmente-infinitos-en-numero-utilizados-como-pruebas-para-la-practica-del-metodo-de-armonizacion-muscular-paraespinal","status":"publish","type":"page","link":"https:\/\/jacquestheron.fr\/?page_id=5829&lang=es","title":{"rendered":"Figura 9: Tubos de productos naturales (potencialmente infinitos en n\u00famero) utilizados como pruebas para la pr\u00e1ctica del m\u00e9todo de armonizaci\u00f3n muscular paraespinal"},"content":{"rendered":"\n<figure class=\"wp-block-image aligncenter size-full\"><img loading=\"lazy\" decoding=\"async\" width=\"776\" height=\"271\" src=\"https:\/\/jacquestheron.fr\/wp-content\/uploads\/2023\/08\/figure009.jpg\" alt=\"\" class=\"wp-image-5598\" srcset=\"https:\/\/jacquestheron.fr\/wp-content\/uploads\/2023\/08\/figure009.jpg 776w, https:\/\/jacquestheron.fr\/wp-content\/uploads\/2023\/08\/figure009-300x105.jpg 300w, https:\/\/jacquestheron.fr\/wp-content\/uploads\/2023\/08\/figure009-768x268.jpg 768w\" sizes=\"auto, (max-width: 776px) 100vw, 776px\" \/><\/figure>\n\n\n\n<div class=\"wp-block-buttons is-content-justification-center is-layout-flex wp-container-core-buttons-is-layout-a89b3969 wp-block-buttons-is-layout-flex\">\n<div class=\"wp-block-button\"><a class=\"wp-block-button__link wp-element-button\" href=\"javascript:history.go(-1)\">RETOUR<\/a><\/div>\n<\/div>\n\n\n\n<div style=\"height:300px\" aria-hidden=\"true\" class=\"wp-block-spacer\"><\/div>\n","protected":false},"excerpt":{"rendered":"","protected":false},"author":1,"featured_media":0,"parent":0,"menu_order":0,"comment_status":"closed","ping_status":"closed","template":"","meta":{"inspiro_hide_title":false,"footnotes":""},"class_list":["post-5829","page","type-page","status-publish","hentry"],"_links":{"self":[{"href":"https:\/\/jacquestheron.fr\/index.php?rest_route=\/wp\/v2\/pages\/5829","targetHints":{"allow":["GET"]}}],"collection":[{"href":"https:\/\/jacquestheron.fr\/index.php?rest_route=\/wp\/v2\/pages"}],"about":[{"href":"https:\/\/jacquestheron.fr\/index.php?rest_route=\/wp\/v2\/types\/page"}],"author":[{"embeddable":true,"href":"https:\/\/jacquestheron.fr\/index.php?rest_route=\/wp\/v2\/users\/1"}],"replies":[{"embeddable":true,"href":"https:\/\/jacquestheron.fr\/index.php?rest_route=%2Fwp%2Fv2%2Fcomments&post=5829"}],"version-history":[{"count":2,"href":"https:\/\/jacquestheron.fr\/index.php?rest_route=\/wp\/v2\/pages\/5829\/revisions"}],"predecessor-version":[{"id":5831,"href":"https:\/\/jacquestheron.fr\/index.php?rest_route=\/wp\/v2\/pages\/5829\/revisions\/5831"}],"wp:attachment":[{"href":"https:\/\/jacquestheron.fr\/index.php?rest_route=%2Fwp%2Fv2%2Fmedia&parent=5829"}],"curies":[{"name":"wp","href":"https:\/\/api.w.org\/{rel}","templated":true}]}}