{"id":5812,"date":"2024-06-09T12:41:58","date_gmt":"2024-06-09T10:41:58","guid":{"rendered":"https:\/\/jacquestheron.fr\/?page_id=5812"},"modified":"2024-06-09T12:47:39","modified_gmt":"2024-06-09T10:47:39","slug":"figura-10-uso-de-ozono-arriba-y-acupuntura-abajo-en-el-punto-patologico-a-la-dosis-energetica-necesaria-y-suficiente-determinada-por-el-metodo-clinico","status":"publish","type":"page","link":"https:\/\/jacquestheron.fr\/?page_id=5812&lang=es","title":{"rendered":"Figura 10: Uso de Ozono (arriba) y acupuntura (abajo) en el punto patol\u00f3gico a la dosis energ\u00e9tica necesaria y suficiente determinada por el m\u00e9todo cl\u00ednico"},"content":{"rendered":"\n<figure class=\"wp-block-image aligncenter size-full\"><img loading=\"lazy\" decoding=\"async\" width=\"203\" height=\"495\" src=\"https:\/\/jacquestheron.fr\/wp-content\/uploads\/2023\/08\/figure10.gif\" alt=\"\" class=\"wp-image-21\"\/><\/figure>\n\n\n\n<div class=\"wp-block-buttons is-content-justification-center is-layout-flex wp-container-core-buttons-is-layout-a89b3969 wp-block-buttons-is-layout-flex\">\n<div class=\"wp-block-button\"><a class=\"wp-block-button__link wp-element-button\" href=\"javascript:history.go(-1)\">RETOUR<\/a><\/div>\n<\/div>\n\n\n\n<div style=\"height:371px\" aria-hidden=\"true\" class=\"wp-block-spacer\"><\/div>\n","protected":false},"excerpt":{"rendered":"","protected":false},"author":1,"featured_media":0,"parent":0,"menu_order":0,"comment_status":"closed","ping_status":"closed","template":"","meta":{"inspiro_hide_title":false,"footnotes":""},"class_list":["post-5812","page","type-page","status-publish","hentry"],"_links":{"self":[{"href":"https:\/\/jacquestheron.fr\/index.php?rest_route=\/wp\/v2\/pages\/5812","targetHints":{"allow":["GET"]}}],"collection":[{"href":"https:\/\/jacquestheron.fr\/index.php?rest_route=\/wp\/v2\/pages"}],"about":[{"href":"https:\/\/jacquestheron.fr\/index.php?rest_route=\/wp\/v2\/types\/page"}],"author":[{"embeddable":true,"href":"https:\/\/jacquestheron.fr\/index.php?rest_route=\/wp\/v2\/users\/1"}],"replies":[{"embeddable":true,"href":"https:\/\/jacquestheron.fr\/index.php?rest_route=%2Fwp%2Fv2%2Fcomments&post=5812"}],"version-history":[{"count":2,"href":"https:\/\/jacquestheron.fr\/index.php?rest_route=\/wp\/v2\/pages\/5812\/revisions"}],"predecessor-version":[{"id":5814,"href":"https:\/\/jacquestheron.fr\/index.php?rest_route=\/wp\/v2\/pages\/5812\/revisions\/5814"}],"wp:attachment":[{"href":"https:\/\/jacquestheron.fr\/index.php?rest_route=%2Fwp%2Fv2%2Fmedia&parent=5812"}],"curies":[{"name":"wp","href":"https:\/\/api.w.org\/{rel}","templated":true}]}}