{"id":5658,"date":"2023-08-21T23:14:38","date_gmt":"2023-08-21T21:14:38","guid":{"rendered":"https:\/\/jacquestheron.fr\/?page_id=5658"},"modified":"2023-08-23T10:06:24","modified_gmt":"2023-08-23T08:06:24","slug":"figure-7-pathologie-regionale-patient-presentant-des-lombalgies-invalidantes-anciennes-a-lirm-en-haut-on-voit-4-saillies-discales-de-petit-volume-decision-de-traiter-les-4","status":"publish","type":"page","link":"https:\/\/jacquestheron.fr\/?page_id=5658","title":{"rendered":"Figure 6 : pathologie \u00ab r\u00e9gionale \u00bb. Patient pr\u00e9sentant des lombalgies invalidantes anciennes"},"content":{"rendered":"\n<figure class=\"wp-block-image aligncenter size-full\"><img loading=\"lazy\" decoding=\"async\" width=\"153\" height=\"506\" src=\"https:\/\/jacquestheron.fr\/wp-content\/uploads\/2023\/08\/figure06.gif\" alt=\"\" class=\"wp-image-25\"\/><\/figure>\n\n\n\n<p>A l\u2019IRM (en haut) on voit 4 saillies discales de petit volume. D\u00e9cision de traiter les 4 disques prise sur l\u2019examen clinique et confirm\u00e9e par la douleur \u00ab r\u00e9veill\u00e9e \u00bb \u00e0 l\u2019injection d\u2019Ethanol g\u00e9lifi\u00e9 (au centre). Bon r\u00e9sultat clinique. Thermographie (en bas)<\/p>\n\n\n\n<div class=\"wp-block-buttons is-content-justification-center is-layout-flex wp-container-core-buttons-is-layout-a89b3969 wp-block-buttons-is-layout-flex\">\n<div class=\"wp-block-button\"><a class=\"wp-block-button__link wp-element-button\" href=\"javascript:history.go(-1)\">RETOUR<\/a><\/div>\n<\/div>\n\n\n\n<div style=\"height:350px\" aria-hidden=\"true\" class=\"wp-block-spacer\"><\/div>\n","protected":false},"excerpt":{"rendered":"<p>A l\u2019IRM (en haut) on voit 4 saillies discales de petit volume. D\u00e9cision de traiter les 4 disques prise sur l\u2019examen clinique et confirm\u00e9e par la douleur \u00ab r\u00e9veill\u00e9e \u00bb \u00e0 l\u2019injection d\u2019Ethanol g\u00e9lifi\u00e9 (au centre). Bon r\u00e9sultat clinique. Thermographie (en bas)<\/p>\n","protected":false},"author":1,"featured_media":0,"parent":0,"menu_order":0,"comment_status":"closed","ping_status":"closed","template":"","meta":{"inspiro_hide_title":false,"footnotes":""},"class_list":["post-5658","page","type-page","status-publish","hentry"],"_links":{"self":[{"href":"https:\/\/jacquestheron.fr\/index.php?rest_route=\/wp\/v2\/pages\/5658","targetHints":{"allow":["GET"]}}],"collection":[{"href":"https:\/\/jacquestheron.fr\/index.php?rest_route=\/wp\/v2\/pages"}],"about":[{"href":"https:\/\/jacquestheron.fr\/index.php?rest_route=\/wp\/v2\/types\/page"}],"author":[{"embeddable":true,"href":"https:\/\/jacquestheron.fr\/index.php?rest_route=\/wp\/v2\/users\/1"}],"replies":[{"embeddable":true,"href":"https:\/\/jacquestheron.fr\/index.php?rest_route=%2Fwp%2Fv2%2Fcomments&post=5658"}],"version-history":[{"count":3,"href":"https:\/\/jacquestheron.fr\/index.php?rest_route=\/wp\/v2\/pages\/5658\/revisions"}],"predecessor-version":[{"id":5698,"href":"https:\/\/jacquestheron.fr\/index.php?rest_route=\/wp\/v2\/pages\/5658\/revisions\/5698"}],"wp:attachment":[{"href":"https:\/\/jacquestheron.fr\/index.php?rest_route=%2Fwp%2Fv2%2Fmedia&parent=5658"}],"curies":[{"name":"wp","href":"https:\/\/api.w.org\/{rel}","templated":true}]}}