{"id":5652,"date":"2023-08-21T23:11:29","date_gmt":"2023-08-21T21:11:29","guid":{"rendered":"https:\/\/jacquestheron.fr\/?page_id=5652"},"modified":"2023-08-23T10:03:57","modified_gmt":"2023-08-23T08:03:57","slug":"figure-6-patient-presentant-des-lombalgies-invalidantes-depuis-plusieurs-annees-modifications-assez-minimes-du-disque-l4-l5-a-lirm-a-gauche-et-au-centre-decision-de-traiter-ce-disq","status":"publish","type":"page","link":"https:\/\/jacquestheron.fr\/?page_id=5652","title":{"rendered":"Figure 5\u00a0: patient pr\u00e9sentant des lombalgies invalidantes depuis plusieurs ann\u00e9es"},"content":{"rendered":"\n<figure class=\"wp-block-image aligncenter size-full\"><img loading=\"lazy\" decoding=\"async\" width=\"223\" height=\"571\" src=\"https:\/\/jacquestheron.fr\/wp-content\/uploads\/2023\/08\/figure05.gif\" alt=\"\" class=\"wp-image-26\"\/><\/figure>\n\n\n\n<p>Modifications assez minimes du disque L4\/L5 \u00e0 l\u2019IRM (\u00e0 gauche et au centre). D\u00e9cision de traiter ce disque\u00a0prise sur l\u2019examen clinique et confirm\u00e9e par la douleur \u00ab\u00a0r\u00e9veill\u00e9e\u00a0\u00bb \u00e0 l\u2019injection du disque. Scanner imm\u00e9diat post traitement (\u00e0 droite) montrant la fissure discale opacifi\u00e9e par le gel. Excellent r\u00e9sultat clinique<\/p>\n\n\n\n<div class=\"wp-block-buttons is-content-justification-center is-layout-flex wp-container-core-buttons-is-layout-a89b3969 wp-block-buttons-is-layout-flex\">\n<div class=\"wp-block-button\"><a class=\"wp-block-button__link wp-element-button\" href=\"javascript:history.go(-1)\">RETOUR<\/a><\/div>\n<\/div>\n\n\n\n<div style=\"height:350px\" aria-hidden=\"true\" class=\"wp-block-spacer\"><\/div>\n","protected":false},"excerpt":{"rendered":"<p>Modifications assez minimes du disque L4\/L5 \u00e0 l\u2019IRM (\u00e0 gauche et au centre). D\u00e9cision de traiter ce disque\u00a0prise sur l\u2019examen clinique et confirm\u00e9e par la douleur \u00ab\u00a0r\u00e9veill\u00e9e\u00a0\u00bb \u00e0 l\u2019injection du disque. Scanner imm\u00e9diat post traitement (\u00e0 droite) montrant la fissure discale opacifi\u00e9e par le gel. Excellent r\u00e9sultat clinique<\/p>\n","protected":false},"author":1,"featured_media":0,"parent":0,"menu_order":0,"comment_status":"closed","ping_status":"closed","template":"","meta":{"inspiro_hide_title":false,"footnotes":""},"class_list":["post-5652","page","type-page","status-publish","hentry"],"_links":{"self":[{"href":"https:\/\/jacquestheron.fr\/index.php?rest_route=\/wp\/v2\/pages\/5652","targetHints":{"allow":["GET"]}}],"collection":[{"href":"https:\/\/jacquestheron.fr\/index.php?rest_route=\/wp\/v2\/pages"}],"about":[{"href":"https:\/\/jacquestheron.fr\/index.php?rest_route=\/wp\/v2\/types\/page"}],"author":[{"embeddable":true,"href":"https:\/\/jacquestheron.fr\/index.php?rest_route=\/wp\/v2\/users\/1"}],"replies":[{"embeddable":true,"href":"https:\/\/jacquestheron.fr\/index.php?rest_route=%2Fwp%2Fv2%2Fcomments&post=5652"}],"version-history":[{"count":3,"href":"https:\/\/jacquestheron.fr\/index.php?rest_route=\/wp\/v2\/pages\/5652\/revisions"}],"predecessor-version":[{"id":5695,"href":"https:\/\/jacquestheron.fr\/index.php?rest_route=\/wp\/v2\/pages\/5652\/revisions\/5695"}],"wp:attachment":[{"href":"https:\/\/jacquestheron.fr\/index.php?rest_route=%2Fwp%2Fv2%2Fmedia&parent=5652"}],"curies":[{"name":"wp","href":"https:\/\/api.w.org\/{rel}","templated":true}]}}